{"id":754,"date":"2022-05-28T20:20:41","date_gmt":"2022-05-28T18:20:41","guid":{"rendered":"https:\/\/www.tfh-animated.com\/politique-de-confidentialite\/"},"modified":"2024-05-20T22:28:30","modified_gmt":"2024-05-20T20:28:30","slug":"politique-de-confidentialite","status":"publish","type":"page","link":"https:\/\/www.tfh-animated.com\/de\/politique-de-confidentialite\/","title":{"rendered":"Datenschutzrichtlinie"},"content":{"rendered":"\n<p>Der gesetzeskonforme Umgang mit pers\u00f6nlichen Daten ist uns sehr wichtig, daher sammelt die Anwendung keine pers\u00f6nlichen Informationen \u00fcber den Endbenutzer der Anwendung.<\/p>\n\n\n\n<p>Lediglich statistische Daten werden gesammelt und anonym auf Analyseservern der Distributoren Apple und Google gespeichert, in \u00dcbereinstimmung mit der Allgemeinen Datenschutzverordnung (GDPR).<\/p>\n\n\n\n<p>Die Anwendung &#8218;Touch For Health-Animated Reference&#8216; ist ein Produkt des Studios Tergimax \/ contact@tergimax.com \/ Frankreich.<br>, das auch f\u00fcr die Erhebung, Verarbeitung und Nutzung der statistischen Daten gem\u00e4\u00df Artikel 4, Absatz 7 der GDPR verantwortlich ist.<\/p>\n\n\n\n<p>Diese Datenschutzrichtlinie informiert Sie als Nutzer unserer Anwendung \u00fcber die Art, den Umfang und den Zweck der Erhebung und Verwendung von personenbezogenen Daten durch uns.<\/p>\n\n\n\n<p>Wir sammeln und speichern im Allgemeinen nur die Daten, die f\u00fcr den Betrieb der Anwendung und f\u00fcr die Bereitstellung der animierten Referenzanwendung Touch For Health erforderlich sind. Um die Qualit\u00e4t des Dienstes zu verbessern, sammeln und speichern wir auch Daten f\u00fcr statistische Zwecke. Dies stellt jedoch sicher, dass keine Verbindung zu einem Benutzerkonto hergestellt werden kann, so dass die Anonymit\u00e4t gewahrt bleibt.<\/p>\n\n\n\n<p>.in dieser Datenschutzrichtlinie erkl\u00e4ren wir, wie wir Daten sammeln und verwenden, wenn Sie Touch For Health &#8211; animated reference application benutzen und auf welcher Rechtsgrundlage dies geschieht.<\/p>\n\n\n\n<p>2.A: Sammeln von Informationen<\/p>\n\n\n\n<p>Bei der Nutzung der touch For Health &#8211; animated reference App werden die folgenden Zugriffsdaten gesammelt und anonym auf einem Analyseserver bei Apple oder Google gespeichert:<\/p>\n\n\n\n<ul class=\"wp-block-list\">\n<li>Land und Stadt, in dem die Anwendung gekauft wurde.<\/li>\n\n\n\n<li>Aufl\u00f6sung des Endger\u00e4ts des Nutzers Version der Anwendung<\/li>\n\n\n\n<li>Betriebssystem<\/li>\n\n\n\n<li>Sprache, die auf dem Endger\u00e4t eingestellt ist.<\/li>\n<\/ul>\n\n\n\n<p>2.B:Pers\u00f6nliche Daten<\/p>\n\n\n\n<p>Keine Erhebung oder Speicherung von personenbezogenen Daten jeglicher Art. Personenbezogene Daten sind individuelle Informationen \u00fcber die pers\u00f6nlichen oder sachlichen Umst\u00e4nde einer bestimmten oder bestimmbaren nat\u00fcrlichen Person. Diese Daten werden von der Anwendung nicht verarbeitet. Die Anwendung Touch For Health &#8211; animated reference verhindert auch den Zugriff auf andere Daten, die auf Ihrem Ger\u00e4t gespeichert sind (wie z.B. das Telefonbuch oder die Anrufliste).<\/p>\n\n\n\n<p>3: Ihre Rechte<\/p>\n\n\n\n<p>Solange die jeweiligen gesetzlichen Anforderungen erf\u00fcllt sind, haben Sie als Nutzer der Anwendung Touch For Health &#8211; animated reference jederzeit das folgende Recht.<\/p>\n\n\n\n<p>-Gem\u00e4\u00df Art. 15 der DSGVO: Recht auf Information.<\/p>\n\n\n\n<p>-Gem\u00e4\u00df Art16 DSGVO: Recht auf Berichtigung oder Erg\u00e4nzung unrichtiger Daten.<\/p>\n\n\n\n<p>-Gem\u00e4\u00df Art. 17 DSGVO: Recht auf L\u00f6schung.<\/p>\n\n\n\n<p>-Gem\u00e4\u00df Art. 18 DSGVO: Recht auf Einschr\u00e4nkung.<\/p>\n\n\n\n<p>-Gem\u00e4\u00df GDPR Art20: Recht auf \u00dcbertragbarkeit der Daten.<\/p>\n\n\n\n<p>Gem\u00e4\u00df GDPR Art21: Recht auf Widerspruch\/Widerruf.<\/p>\n\n\n\n<p>-Gem\u00e4\u00df GDPR Art13 para.2 lit. d: Recht auf Beschwerde bei der Aufsichtsbeh\u00f6rde.<\/p>\n\n\n\n<p>4:Kontakt<\/p>\n\n\n\n<p>Wenn Sie allgemeine Fragen zu dieser Datenschutzrichtlinie oder bei der Aus\u00fcbung Ihrer Rechte gem\u00e4\u00df Abschnitt 4 dieser Datenschutzrichtlinie haben, kontaktieren Sie uns bitte wie folgt:<\/p>\n\n\n\n<p>Per E-Mail:<\/p>\n\n\n\n<p>Studio Tergimax<\/p>\n\n\n\n<p>contact@tergimax.com<\/p>\n\n\n\n<p>31300 Toulouse<\/p>\n\n\n\n<p>FRANKREICH<\/p>\n","protected":false},"excerpt":{"rendered":"<p>Der gesetzeskonforme Umgang mit pers\u00f6nlichen Daten ist uns sehr wichtig, daher sammelt die Anwendung keine pers\u00f6nlichen Informationen \u00fcber den Endbenutzer der Anwendung. Lediglich statistische Daten werden gesammelt und anonym auf Analyseservern der Distributoren Apple und Google gespeichert, in \u00dcbereinstimmung mit der Allgemeinen Datenschutzverordnung (GDPR). Die Anwendung &#8218;Touch For Health-Animated Reference&#8216; ist ein Produkt des Studios [&hellip;]<\/p>\n","protected":false},"author":1,"featured_media":0,"parent":0,"menu_order":0,"comment_status":"closed","ping_status":"open","template":"","meta":{"footnotes":""},"class_list":["post-754","page","type-page","status-publish","hentry"],"yoast_head":"<!-- This site is optimized with the Yoast SEO plugin v21.4 - https:\/\/yoast.com\/wordpress\/plugins\/seo\/ -->\n<title>Datenschutzrichtlinie - Touch For Health - Animated Reference<\/title>\n<meta name=\"robots\" content=\"index, follow, max-snippet:-1, max-image-preview:large, max-video-preview:-1\" \/>\n<link rel=\"canonical\" href=\"https:\/\/www.tfh-animated.com\/de\/politique-de-confidentialite\/\" \/>\n<meta property=\"og:locale\" content=\"de_DE\" \/>\n<meta property=\"og:type\" content=\"article\" \/>\n<meta property=\"og:title\" content=\"Datenschutzrichtlinie - Touch For Health - Animated Reference\" \/>\n<meta property=\"og:description\" content=\"Der gesetzeskonforme Umgang mit pers\u00f6nlichen Daten ist uns sehr wichtig, daher sammelt die Anwendung keine pers\u00f6nlichen Informationen \u00fcber den Endbenutzer der Anwendung. Lediglich statistische Daten werden gesammelt und anonym auf Analyseservern der Distributoren Apple und Google gespeichert, in \u00dcbereinstimmung mit der Allgemeinen Datenschutzverordnung (GDPR). Die Anwendung &#8218;Touch For Health-Animated Reference&#8216; ist ein Produkt des Studios [&hellip;]\" \/>\n<meta property=\"og:url\" content=\"https:\/\/www.tfh-animated.com\/de\/politique-de-confidentialite\/\" \/>\n<meta property=\"og:site_name\" content=\"Touch For Health - Animated Reference\" \/>\n<meta property=\"article:publisher\" content=\"https:\/\/www.facebook.com\/touchforhealth.animated\" \/>\n<meta property=\"article:modified_time\" content=\"2024-05-20T20:28:30+00:00\" \/>\n<meta name=\"twitter:card\" content=\"summary_large_image\" \/>\n<meta name=\"twitter:label1\" content=\"Gesch\u00e4tzte Lesezeit\" \/>\n\t<meta name=\"twitter:data1\" content=\"3\u00a0Minuten\" \/>\n<script type=\"application\/ld+json\" class=\"yoast-schema-graph\">{\"@context\":\"https:\/\/schema.org\",\"@graph\":[{\"@type\":\"WebPage\",\"@id\":\"https:\/\/www.tfh-animated.com\/de\/politique-de-confidentialite\/\",\"url\":\"https:\/\/www.tfh-animated.com\/de\/politique-de-confidentialite\/\",\"name\":\"Datenschutzrichtlinie - Touch For Health - Animated Reference\",\"isPartOf\":{\"@id\":\"https:\/\/www.tfh-animated.com\/#website\"},\"datePublished\":\"2022-05-28T18:20:41+00:00\",\"dateModified\":\"2024-05-20T20:28:30+00:00\",\"breadcrumb\":{\"@id\":\"https:\/\/www.tfh-animated.com\/de\/politique-de-confidentialite\/#breadcrumb\"},\"inLanguage\":\"de\",\"potentialAction\":[{\"@type\":\"ReadAction\",\"target\":[\"https:\/\/www.tfh-animated.com\/de\/politique-de-confidentialite\/\"]}]},{\"@type\":\"BreadcrumbList\",\"@id\":\"https:\/\/www.tfh-animated.com\/de\/politique-de-confidentialite\/#breadcrumb\",\"itemListElement\":[{\"@type\":\"ListItem\",\"position\":1,\"name\":\"Accueil\",\"item\":\"https:\/\/www.tfh-animated.com\/de\/\"},{\"@type\":\"ListItem\",\"position\":2,\"name\":\"Datenschutzrichtlinie\"}]},{\"@type\":\"WebSite\",\"@id\":\"https:\/\/www.tfh-animated.com\/#website\",\"url\":\"https:\/\/www.tfh-animated.com\/\",\"name\":\"Touch For Health - Animated Reference\",\"description\":\"\",\"publisher\":{\"@id\":\"https:\/\/www.tfh-animated.com\/#organization\"},\"potentialAction\":[{\"@type\":\"SearchAction\",\"target\":{\"@type\":\"EntryPoint\",\"urlTemplate\":\"https:\/\/www.tfh-animated.com\/?s={search_term_string}\"},\"query-input\":\"required name=search_term_string\"}],\"inLanguage\":\"de\"},{\"@type\":\"Organization\",\"@id\":\"https:\/\/www.tfh-animated.com\/#organization\",\"name\":\"Touch For Health - Animated Reference\",\"url\":\"https:\/\/www.tfh-animated.com\/\",\"logo\":{\"@type\":\"ImageObject\",\"inLanguage\":\"de\",\"@id\":\"https:\/\/www.tfh-animated.com\/#\/schema\/logo\/image\/\",\"url\":\"https:\/\/www.tfh-animated.com\/wp-content\/uploads\/2022\/12\/TFH_logo-1024px.png\",\"contentUrl\":\"https:\/\/www.tfh-animated.com\/wp-content\/uploads\/2022\/12\/TFH_logo-1024px.png\",\"width\":1024,\"height\":1024,\"caption\":\"Touch For Health - Animated Reference\"},\"image\":{\"@id\":\"https:\/\/www.tfh-animated.com\/#\/schema\/logo\/image\/\"},\"sameAs\":[\"https:\/\/www.facebook.com\/touchforhealth.animated\",\"https:\/\/www.youtube.com\/@touchforhealth-animated\"]}]}<\/script>\n<!-- \/ Yoast SEO plugin. -->","yoast_head_json":{"title":"Datenschutzrichtlinie - Touch For Health - Animated Reference","robots":{"index":"index","follow":"follow","max-snippet":"max-snippet:-1","max-image-preview":"max-image-preview:large","max-video-preview":"max-video-preview:-1"},"canonical":"https:\/\/www.tfh-animated.com\/de\/politique-de-confidentialite\/","og_locale":"de_DE","og_type":"article","og_title":"Datenschutzrichtlinie - Touch For Health - Animated Reference","og_description":"Der gesetzeskonforme Umgang mit pers\u00f6nlichen Daten ist uns sehr wichtig, daher sammelt die Anwendung keine pers\u00f6nlichen Informationen \u00fcber den Endbenutzer der Anwendung. Lediglich statistische Daten werden gesammelt und anonym auf Analyseservern der Distributoren Apple und Google gespeichert, in \u00dcbereinstimmung mit der Allgemeinen Datenschutzverordnung (GDPR). Die Anwendung &#8218;Touch For Health-Animated Reference&#8216; ist ein Produkt des Studios [&hellip;]","og_url":"https:\/\/www.tfh-animated.com\/de\/politique-de-confidentialite\/","og_site_name":"Touch For Health - Animated Reference","article_publisher":"https:\/\/www.facebook.com\/touchforhealth.animated","article_modified_time":"2024-05-20T20:28:30+00:00","twitter_card":"summary_large_image","twitter_misc":{"Gesch\u00e4tzte Lesezeit":"3\u00a0Minuten"},"schema":{"@context":"https:\/\/schema.org","@graph":[{"@type":"WebPage","@id":"https:\/\/www.tfh-animated.com\/de\/politique-de-confidentialite\/","url":"https:\/\/www.tfh-animated.com\/de\/politique-de-confidentialite\/","name":"Datenschutzrichtlinie - Touch For Health - Animated Reference","isPartOf":{"@id":"https:\/\/www.tfh-animated.com\/#website"},"datePublished":"2022-05-28T18:20:41+00:00","dateModified":"2024-05-20T20:28:30+00:00","breadcrumb":{"@id":"https:\/\/www.tfh-animated.com\/de\/politique-de-confidentialite\/#breadcrumb"},"inLanguage":"de","potentialAction":[{"@type":"ReadAction","target":["https:\/\/www.tfh-animated.com\/de\/politique-de-confidentialite\/"]}]},{"@type":"BreadcrumbList","@id":"https:\/\/www.tfh-animated.com\/de\/politique-de-confidentialite\/#breadcrumb","itemListElement":[{"@type":"ListItem","position":1,"name":"Accueil","item":"https:\/\/www.tfh-animated.com\/de\/"},{"@type":"ListItem","position":2,"name":"Datenschutzrichtlinie"}]},{"@type":"WebSite","@id":"https:\/\/www.tfh-animated.com\/#website","url":"https:\/\/www.tfh-animated.com\/","name":"Touch For Health - Animated Reference","description":"","publisher":{"@id":"https:\/\/www.tfh-animated.com\/#organization"},"potentialAction":[{"@type":"SearchAction","target":{"@type":"EntryPoint","urlTemplate":"https:\/\/www.tfh-animated.com\/?s={search_term_string}"},"query-input":"required name=search_term_string"}],"inLanguage":"de"},{"@type":"Organization","@id":"https:\/\/www.tfh-animated.com\/#organization","name":"Touch For Health - Animated Reference","url":"https:\/\/www.tfh-animated.com\/","logo":{"@type":"ImageObject","inLanguage":"de","@id":"https:\/\/www.tfh-animated.com\/#\/schema\/logo\/image\/","url":"https:\/\/www.tfh-animated.com\/wp-content\/uploads\/2022\/12\/TFH_logo-1024px.png","contentUrl":"https:\/\/www.tfh-animated.com\/wp-content\/uploads\/2022\/12\/TFH_logo-1024px.png","width":1024,"height":1024,"caption":"Touch For Health - Animated Reference"},"image":{"@id":"https:\/\/www.tfh-animated.com\/#\/schema\/logo\/image\/"},"sameAs":["https:\/\/www.facebook.com\/touchforhealth.animated","https:\/\/www.youtube.com\/@touchforhealth-animated"]}]}},"_links":{"self":[{"href":"https:\/\/www.tfh-animated.com\/de\/wp-json\/wp\/v2\/pages\/754","targetHints":{"allow":["GET"]}}],"collection":[{"href":"https:\/\/www.tfh-animated.com\/de\/wp-json\/wp\/v2\/pages"}],"about":[{"href":"https:\/\/www.tfh-animated.com\/de\/wp-json\/wp\/v2\/types\/page"}],"author":[{"embeddable":true,"href":"https:\/\/www.tfh-animated.com\/de\/wp-json\/wp\/v2\/users\/1"}],"replies":[{"embeddable":true,"href":"https:\/\/www.tfh-animated.com\/de\/wp-json\/wp\/v2\/comments?post=754"}],"version-history":[{"count":1,"href":"https:\/\/www.tfh-animated.com\/de\/wp-json\/wp\/v2\/pages\/754\/revisions"}],"predecessor-version":[{"id":1509,"href":"https:\/\/www.tfh-animated.com\/de\/wp-json\/wp\/v2\/pages\/754\/revisions\/1509"}],"wp:attachment":[{"href":"https:\/\/www.tfh-animated.com\/de\/wp-json\/wp\/v2\/media?parent=754"}],"curies":[{"name":"wp","href":"https:\/\/api.w.org\/{rel}","templated":true}]}}