{"id":756,"date":"2022-05-28T20:20:41","date_gmt":"2022-05-28T18:20:41","guid":{"rendered":"https:\/\/www.tfh-animated.com\/politique-de-confidentialite\/"},"modified":"2024-05-20T22:30:49","modified_gmt":"2024-05-20T20:30:49","slug":"politique-de-confidentialite","status":"publish","type":"page","link":"https:\/\/www.tfh-animated.com\/es\/politique-de-confidentialite\/","title":{"rendered":"Pol\u00edtica de privacidad"},"content":{"rendered":"\n<p>El tratamiento de los datos personales de acuerdo con la ley es muy importante para nosotros, por lo que la aplicaci\u00f3n no recoge ninguna informaci\u00f3n personal sobre el usuario final de la aplicaci\u00f3n.<\/p>\n\n\n\n<p>S\u00f3lo se recogen datos estad\u00edsticos que se almacenan de forma an\u00f3nima en servidores de an\u00e1lisis pertenecientes a Apple y Google, de conformidad con el Reglamento General de Protecci\u00f3n de Datos (RGPD).<\/p>\n\n\n\n<p>La aplicaci\u00f3n \u00abTouch For Health Reference\u00bb es un producto producido por Tergimax Studio \/ contact@tergimax.com \/ Francia.<br>que tambi\u00e9n es responsable de la recogida, tratamiento y uso de los datos estad\u00edsticos de conformidad con el art\u00edculo 4, apartado 7 del GDPR.<\/p>\n\n\n\n<p>Esta pol\u00edtica de privacidad le informa como usuario de nuestra aplicaci\u00f3n sobre la naturaleza, el alcance y la finalidad de la recogida y uso de datos personales por nuestra parte.<\/p>\n\n\n\n<p>En general, s\u00f3lo recopilamos y almacenamos los datos necesarios para el funcionamiento de la aplicaci\u00f3n y para proporcionar la aplicaci\u00f3n de referencia animada Touch For Health. Para mejorar la calidad del servicio, tambi\u00e9n recogemos y almacenamos datos con fines estad\u00edsticos. Sin embargo, esto garantiza que no se pueda establecer ning\u00fan v\u00ednculo con una cuenta de usuario, de modo que se mantiene el anonimato.<\/p>\n\n\n\n<p>.en esta pol\u00edtica de privacidad, explicamos c\u00f3mo recopilamos y utilizamos los datos cuando usted utiliza Touch For Health &#8211; aplicaci\u00f3n animated reference y sobre qu\u00e9 base legal se hace.<\/p>\n\n\n\n<p>2.A: Recogida de informaci\u00f3n<\/p>\n\n\n\n<p>Cuando utiliza la aplicaci\u00f3n Touch For Health &#8211; animated reference, se recopilan los siguientes datos de acceso y se almacenan de forma an\u00f3nima en un servidor de an\u00e1lisis de Apple o Google:<\/p>\n\n\n\n<ul class=\"wp-block-list\">\n<li>Pa\u00eds y ciudad donde se adquiri\u00f3 la aplicaci\u00f3n<\/li>\n\n\n\n<li>Resoluci\u00f3n del dispositivo final del usuario Versi\u00f3n de la aplicaci\u00f3n<\/li>\n\n\n\n<li>Sistema operativo<\/li>\n\n\n\n<li>Idioma, que se define en el terminal<\/li>\n<\/ul>\n\n\n\n<p>2.B :Datos personales<\/p>\n\n\n\n<p>No se recogen ni almacenan datos personales de ning\u00fan tipo. Los datos personales son informaci\u00f3n individual sobre las circunstancias personales o de hecho de un individuo concreto o identificable. Estos datos no son tratados por la aplicaci\u00f3n. La aplicaci\u00f3n Touch for health Animated Reference tambi\u00e9n impide el acceso a otros datos almacenados en su dispositivo (como la gu\u00eda telef\u00f3nica o la lista de llamadas).<\/p>\n\n\n\n<p>3: Sus derechos<\/p>\n\n\n\n<p>Siempre que se cumplan los requisitos legales correspondientes, usted tendr\u00e1 en todo momento los siguientes derechos como usuario de la aplicaci\u00f3n Touch For Health &#8211; animated reference<\/p>\n\n\n\n<p>-De conformidad con el Art15 del RGPD: derecho a la informaci\u00f3n.<\/p>\n\n\n\n<p>-De conformidad con el Art16 del RGPD: Derecho a que se rectifiquen o completen los datos incorrectos.<\/p>\n\n\n\n<p>-De conformidad con el Art17 del RGPD: Derecho de supresi\u00f3n.<\/p>\n\n\n\n<p>-De conformidad con el Art18 del RGPD: Derecho de restricci\u00f3n.<\/p>\n\n\n\n<p>-De conformidad con el Art20 del RGPD: Derecho a la portabilidad de los datos.<\/p>\n\n\n\n<p>De conformidad con el Art21 del RGPD: Derecho de oposici\u00f3n\/revocaci\u00f3n.<\/p>\n\n\n\n<p>-De conformidad con GDPR Art13 para.2 Lit. d: Derecho de recurso a la autoridad de control.<\/p>\n\n\n\n<p>4 :Contacto<\/p>\n\n\n\n<p>Si tiene alguna pregunta general sobre esta pol\u00edtica de privacidad o en el ejercicio de sus derechos en virtud de la secci\u00f3n 4 de esta pol\u00edtica provaci, p\u00f3ngase en contacto con nosotros como f Siga :<\/p>\n\n\n\n<p>Por correo electr\u00f3nico:<\/p>\n\n\n\n<p>Studio Tergimax<\/p>\n\n\n\n<p>contact@tergimax.com<\/p>\n\n\n\n<p>31300 Toulouse<\/p>\n\n\n\n<p>FRANCIA<\/p>\n","protected":false},"excerpt":{"rendered":"<p>El tratamiento de los datos personales de acuerdo con la ley es muy importante para nosotros, por lo que la aplicaci\u00f3n no recoge ninguna informaci\u00f3n personal sobre el usuario final de la aplicaci\u00f3n. S\u00f3lo se recogen datos estad\u00edsticos que se almacenan de forma an\u00f3nima en servidores de an\u00e1lisis pertenecientes a Apple y Google, de conformidad [&hellip;]<\/p>\n","protected":false},"author":1,"featured_media":0,"parent":0,"menu_order":0,"comment_status":"closed","ping_status":"open","template":"","meta":{"footnotes":""},"class_list":["post-756","page","type-page","status-publish","hentry"],"yoast_head":"<!-- This site is optimized with the Yoast SEO plugin v21.4 - https:\/\/yoast.com\/wordpress\/plugins\/seo\/ -->\n<title>Pol\u00edtica de privacidad - Touch For Health - Animated Reference<\/title>\n<meta name=\"robots\" content=\"index, follow, max-snippet:-1, max-image-preview:large, max-video-preview:-1\" \/>\n<link rel=\"canonical\" href=\"https:\/\/www.tfh-animated.com\/es\/politique-de-confidentialite\/\" \/>\n<meta property=\"og:locale\" content=\"es_ES\" \/>\n<meta property=\"og:type\" content=\"article\" \/>\n<meta property=\"og:title\" content=\"Pol\u00edtica de privacidad - Touch For Health - Animated Reference\" \/>\n<meta property=\"og:description\" content=\"El tratamiento de los datos personales de acuerdo con la ley es muy importante para nosotros, por lo que la aplicaci\u00f3n no recoge ninguna informaci\u00f3n personal sobre el usuario final de la aplicaci\u00f3n. S\u00f3lo se recogen datos estad\u00edsticos que se almacenan de forma an\u00f3nima en servidores de an\u00e1lisis pertenecientes a Apple y Google, de conformidad [&hellip;]\" \/>\n<meta property=\"og:url\" content=\"https:\/\/www.tfh-animated.com\/es\/politique-de-confidentialite\/\" \/>\n<meta property=\"og:site_name\" content=\"Touch For Health - Animated Reference\" \/>\n<meta property=\"article:publisher\" content=\"https:\/\/www.facebook.com\/touchforhealth.animated\" \/>\n<meta property=\"article:modified_time\" content=\"2024-05-20T20:30:49+00:00\" \/>\n<meta name=\"twitter:card\" content=\"summary_large_image\" \/>\n<script type=\"application\/ld+json\" class=\"yoast-schema-graph\">{\"@context\":\"https:\/\/schema.org\",\"@graph\":[{\"@type\":\"WebPage\",\"@id\":\"https:\/\/www.tfh-animated.com\/es\/politique-de-confidentialite\/\",\"url\":\"https:\/\/www.tfh-animated.com\/es\/politique-de-confidentialite\/\",\"name\":\"Pol\u00edtica de privacidad - Touch For Health - Animated Reference\",\"isPartOf\":{\"@id\":\"https:\/\/www.tfh-animated.com\/#website\"},\"datePublished\":\"2022-05-28T18:20:41+00:00\",\"dateModified\":\"2024-05-20T20:30:49+00:00\",\"breadcrumb\":{\"@id\":\"https:\/\/www.tfh-animated.com\/es\/politique-de-confidentialite\/#breadcrumb\"},\"inLanguage\":\"es\",\"potentialAction\":[{\"@type\":\"ReadAction\",\"target\":[\"https:\/\/www.tfh-animated.com\/es\/politique-de-confidentialite\/\"]}]},{\"@type\":\"BreadcrumbList\",\"@id\":\"https:\/\/www.tfh-animated.com\/es\/politique-de-confidentialite\/#breadcrumb\",\"itemListElement\":[{\"@type\":\"ListItem\",\"position\":1,\"name\":\"Accueil\",\"item\":\"https:\/\/www.tfh-animated.com\/es\/\"},{\"@type\":\"ListItem\",\"position\":2,\"name\":\"Pol\u00edtica de privacidad\"}]},{\"@type\":\"WebSite\",\"@id\":\"https:\/\/www.tfh-animated.com\/#website\",\"url\":\"https:\/\/www.tfh-animated.com\/\",\"name\":\"Touch For Health - Animated Reference\",\"description\":\"\",\"publisher\":{\"@id\":\"https:\/\/www.tfh-animated.com\/#organization\"},\"potentialAction\":[{\"@type\":\"SearchAction\",\"target\":{\"@type\":\"EntryPoint\",\"urlTemplate\":\"https:\/\/www.tfh-animated.com\/?s={search_term_string}\"},\"query-input\":\"required name=search_term_string\"}],\"inLanguage\":\"es\"},{\"@type\":\"Organization\",\"@id\":\"https:\/\/www.tfh-animated.com\/#organization\",\"name\":\"Touch For Health - Animated Reference\",\"url\":\"https:\/\/www.tfh-animated.com\/\",\"logo\":{\"@type\":\"ImageObject\",\"inLanguage\":\"es\",\"@id\":\"https:\/\/www.tfh-animated.com\/#\/schema\/logo\/image\/\",\"url\":\"https:\/\/www.tfh-animated.com\/wp-content\/uploads\/2022\/12\/TFH_logo-1024px.png\",\"contentUrl\":\"https:\/\/www.tfh-animated.com\/wp-content\/uploads\/2022\/12\/TFH_logo-1024px.png\",\"width\":1024,\"height\":1024,\"caption\":\"Touch For Health - Animated Reference\"},\"image\":{\"@id\":\"https:\/\/www.tfh-animated.com\/#\/schema\/logo\/image\/\"},\"sameAs\":[\"https:\/\/www.facebook.com\/touchforhealth.animated\",\"https:\/\/www.youtube.com\/@touchforhealth-animated\"]}]}<\/script>\n<!-- \/ Yoast SEO plugin. -->","yoast_head_json":{"title":"Pol\u00edtica de privacidad - Touch For Health - Animated Reference","robots":{"index":"index","follow":"follow","max-snippet":"max-snippet:-1","max-image-preview":"max-image-preview:large","max-video-preview":"max-video-preview:-1"},"canonical":"https:\/\/www.tfh-animated.com\/es\/politique-de-confidentialite\/","og_locale":"es_ES","og_type":"article","og_title":"Pol\u00edtica de privacidad - Touch For Health - Animated Reference","og_description":"El tratamiento de los datos personales de acuerdo con la ley es muy importante para nosotros, por lo que la aplicaci\u00f3n no recoge ninguna informaci\u00f3n personal sobre el usuario final de la aplicaci\u00f3n. S\u00f3lo se recogen datos estad\u00edsticos que se almacenan de forma an\u00f3nima en servidores de an\u00e1lisis pertenecientes a Apple y Google, de conformidad [&hellip;]","og_url":"https:\/\/www.tfh-animated.com\/es\/politique-de-confidentialite\/","og_site_name":"Touch For Health - Animated Reference","article_publisher":"https:\/\/www.facebook.com\/touchforhealth.animated","article_modified_time":"2024-05-20T20:30:49+00:00","twitter_card":"summary_large_image","schema":{"@context":"https:\/\/schema.org","@graph":[{"@type":"WebPage","@id":"https:\/\/www.tfh-animated.com\/es\/politique-de-confidentialite\/","url":"https:\/\/www.tfh-animated.com\/es\/politique-de-confidentialite\/","name":"Pol\u00edtica de privacidad - Touch For Health - Animated Reference","isPartOf":{"@id":"https:\/\/www.tfh-animated.com\/#website"},"datePublished":"2022-05-28T18:20:41+00:00","dateModified":"2024-05-20T20:30:49+00:00","breadcrumb":{"@id":"https:\/\/www.tfh-animated.com\/es\/politique-de-confidentialite\/#breadcrumb"},"inLanguage":"es","potentialAction":[{"@type":"ReadAction","target":["https:\/\/www.tfh-animated.com\/es\/politique-de-confidentialite\/"]}]},{"@type":"BreadcrumbList","@id":"https:\/\/www.tfh-animated.com\/es\/politique-de-confidentialite\/#breadcrumb","itemListElement":[{"@type":"ListItem","position":1,"name":"Accueil","item":"https:\/\/www.tfh-animated.com\/es\/"},{"@type":"ListItem","position":2,"name":"Pol\u00edtica de privacidad"}]},{"@type":"WebSite","@id":"https:\/\/www.tfh-animated.com\/#website","url":"https:\/\/www.tfh-animated.com\/","name":"Touch For Health - Animated Reference","description":"","publisher":{"@id":"https:\/\/www.tfh-animated.com\/#organization"},"potentialAction":[{"@type":"SearchAction","target":{"@type":"EntryPoint","urlTemplate":"https:\/\/www.tfh-animated.com\/?s={search_term_string}"},"query-input":"required name=search_term_string"}],"inLanguage":"es"},{"@type":"Organization","@id":"https:\/\/www.tfh-animated.com\/#organization","name":"Touch For Health - Animated Reference","url":"https:\/\/www.tfh-animated.com\/","logo":{"@type":"ImageObject","inLanguage":"es","@id":"https:\/\/www.tfh-animated.com\/#\/schema\/logo\/image\/","url":"https:\/\/www.tfh-animated.com\/wp-content\/uploads\/2022\/12\/TFH_logo-1024px.png","contentUrl":"https:\/\/www.tfh-animated.com\/wp-content\/uploads\/2022\/12\/TFH_logo-1024px.png","width":1024,"height":1024,"caption":"Touch For Health - Animated Reference"},"image":{"@id":"https:\/\/www.tfh-animated.com\/#\/schema\/logo\/image\/"},"sameAs":["https:\/\/www.facebook.com\/touchforhealth.animated","https:\/\/www.youtube.com\/@touchforhealth-animated"]}]}},"_links":{"self":[{"href":"https:\/\/www.tfh-animated.com\/es\/wp-json\/wp\/v2\/pages\/756","targetHints":{"allow":["GET"]}}],"collection":[{"href":"https:\/\/www.tfh-animated.com\/es\/wp-json\/wp\/v2\/pages"}],"about":[{"href":"https:\/\/www.tfh-animated.com\/es\/wp-json\/wp\/v2\/types\/page"}],"author":[{"embeddable":true,"href":"https:\/\/www.tfh-animated.com\/es\/wp-json\/wp\/v2\/users\/1"}],"replies":[{"embeddable":true,"href":"https:\/\/www.tfh-animated.com\/es\/wp-json\/wp\/v2\/comments?post=756"}],"version-history":[{"count":1,"href":"https:\/\/www.tfh-animated.com\/es\/wp-json\/wp\/v2\/pages\/756\/revisions"}],"predecessor-version":[{"id":1511,"href":"https:\/\/www.tfh-animated.com\/es\/wp-json\/wp\/v2\/pages\/756\/revisions\/1511"}],"wp:attachment":[{"href":"https:\/\/www.tfh-animated.com\/es\/wp-json\/wp\/v2\/media?parent=756"}],"curies":[{"name":"wp","href":"https:\/\/api.w.org\/{rel}","templated":true}]}}